{"id":559,"date":"2016-09-19T12:22:03","date_gmt":"2016-09-19T09:22:03","guid":{"rendered":"http:\/\/www.reaaliautokool.ee\/?page_id=559"},"modified":"2024-01-02T13:58:17","modified_gmt":"2024-01-02T11:58:17","slug":"b-kategooria-ope","status":"publish","type":"page","link":"https:\/\/www.reaaliautokool.ee\/?page_id=559","title":{"rendered":"B-kategooria \u00f5pe"},"content":{"rendered":"<p>Algastme B-kategooria s\u00f5idukijuhi \u00f5pe nii manuaal- kui ka automaatkastiga s\u00f5idukil!<\/p>\n<p>Autokooli edukaks l\u00f5petamiseks tuleb l\u00e4bida :<\/p>\n<ol>\n<li>t\u00e4ismahus teooriakursus ning sooritada kooli teooriaeksam<\/li>\n<li>s\u00f5ita oma s\u00f5idu\u00f5petajaga 26 tavalist s\u00f5idutundi<\/li>\n<li>l\u00e4bida <strong>Pimeda aja koolitus:<\/strong> Riiklikus \u00f5ppekavas esitatud \u00f5ppematerjal jaguneb 1 teooriatunnile (v\u00f5imalusel praktikum) ja 1 s\u00f5idutunnile)<\/li>\n<li>l\u00e4bida <strong>Libedaraja riskiv\u00e4ltimise koolitus:<\/strong>\u00a02\u00a0tundi teooriat\u00a0ja 1 tund \u00f5ppes\u00f5itu.<\/li>\n<li>esitada esmaabi koolituse tunnistus<\/li>\n<li>sooritada autokooli s\u00f5idueksam ( 2 s\u00f5idutundi)<\/li>\n<\/ol>\n<p>\u00d5ppekava jaguneb 22 teooriatunnile e-keskkonnas ning 15 teooriatunnile klassiruumis\u00a0 ning\u00a0 \u00f5ppekavalistele s\u00f5idutundidele ( 26 tavalist s\u00f5idutundi ja <strong>Pimeda aja koolitus:<\/strong> Riiklikus \u00f5ppekavas esitatud \u00f5ppematerjal jaguneb 1 teooriatunnile (v\u00f5imalusel praktikum) ja 1 s\u00f5idutunnile) ning autokooli s\u00f5idueksam, mis on kahe s\u00f5idutunni v\u00e4\u00e4riline.<\/p>\n<p>Lisanduvad :<\/p>\n<p><strong>1. Libedaraja riskiv\u00e4ltimise koolitus:<\/strong>\u00a02\u00a0tundi teooriat\u00a0ja 1 tund \u00f5ppes\u00f5itu.<\/p>\n<p><strong>2. Esmaabikoolitus:<\/strong> Kestab 6 tundi + e-\u00f5pe. (Kokku kursuse maht 16 tundi.)<\/p>\n<p><strong>L\u00f5ppastme koolitus:<\/strong><\/p>\n<p>Peale esmaste juhilubade saamist on\u00a0hiljemalt 23 kuu m\u00f6\u00f6dudes\u00a0kohustus osaleda l\u00f5ppastme koolitusel, et kaoks kohustus s\u00f5ita \u00a0\u201cvahtralehega\u201d \u00a0ja saada endale p\u00f5hiload. L\u00f5ppastme koolitus on vajalik selleks, et anda Teie s\u00f5iduoskusele viimane viimistlus.<\/p>\n","protected":false},"excerpt":{"rendered":"<p>Algastme B-kategooria s\u00f5idukijuhi \u00f5pe nii manuaal- kui ka automaatkastiga s\u00f5idukil! Autokooli edukaks l\u00f5petamiseks tuleb l\u00e4bida : t\u00e4ismahus teooriakursus ning sooritada kooli teooriaeksam s\u00f5ita oma s\u00f5idu\u00f5petajaga 26 tavalist s\u00f5idutundi l\u00e4bida Pimeda aja koolitus: Riiklikus \u00f5ppekavas esitatud \u00f5ppematerjal jaguneb 1 teooriatunnile (v\u00f5imalusel &hellip; <a href=\"https:\/\/www.reaaliautokool.ee\/?page_id=559\">Continue reading <span class=\"meta-nav\">&rarr;<\/span><\/a><\/p>\n","protected":false},"author":3,"featured_media":0,"parent":318,"menu_order":0,"comment_status":"open","ping_status":"open","template":"","meta":{"footnotes":""},"_links":{"self":[{"href":"https:\/\/www.reaaliautokool.ee\/index.php?rest_route=\/wp\/v2\/pages\/559"}],"collection":[{"href":"https:\/\/www.reaaliautokool.ee\/index.php?rest_route=\/wp\/v2\/pages"}],"about":[{"href":"https:\/\/www.reaaliautokool.ee\/index.php?rest_route=\/wp\/v2\/types\/page"}],"author":[{"embeddable":true,"href":"https:\/\/www.reaaliautokool.ee\/index.php?rest_route=\/wp\/v2\/users\/3"}],"replies":[{"embeddable":true,"href":"https:\/\/www.reaaliautokool.ee\/index.php?rest_route=%2Fwp%2Fv2%2Fcomments&post=559"}],"version-history":[{"count":6,"href":"https:\/\/www.reaaliautokool.ee\/index.php?rest_route=\/wp\/v2\/pages\/559\/revisions"}],"predecessor-version":[{"id":1084,"href":"https:\/\/www.reaaliautokool.ee\/index.php?rest_route=\/wp\/v2\/pages\/559\/revisions\/1084"}],"up":[{"embeddable":true,"href":"https:\/\/www.reaaliautokool.ee\/index.php?rest_route=\/wp\/v2\/pages\/318"}],"wp:attachment":[{"href":"https:\/\/www.reaaliautokool.ee\/index.php?rest_route=%2Fwp%2Fv2%2Fmedia&parent=559"}],"curies":[{"name":"wp","href":"https:\/\/api.w.org\/{rel}","templated":true}]}}