{"id":44,"date":"2011-11-09T18:13:08","date_gmt":"2011-11-09T16:13:08","guid":{"rendered":"http:\/\/www.rkteeninduse.ee\/?page_id=44"},"modified":"2026-03-17T13:45:49","modified_gmt":"2026-03-17T11:45:49","slug":"44-2","status":"publish","type":"page","link":"https:\/\/www.reaaliautokool.ee\/","title":{"rendered":"Esileht"},"content":{"rendered":"<p><strong>Tule Reaali Autokooli!<\/strong><strong>\u00a0<\/strong><\/p>\n<p>Teooriaeksamit saab teha <strong>Tabasalu G\u00fcmnaasiumis 30.03.2026,\u00a0 kell 15:45<\/strong> ja<\/p>\n<p><strong>Tallinna Reaalkoolis<\/strong> ( Harju tn.11)\u00a0 <strong>igan\u00e4dalaselt eelneval kokkuleppel.<\/strong><\/p>\n<p><span style=\"color: #000000;\"><strong>Esmaabi koolitus toimub koolis, kui soovijaid on \u00fcle 15\u00b4ne.<\/strong><\/span><\/p>\n<p>Kontor Tallinna Reaalkoolis ( Harju tn.11) on avatud kokkuleppel tel. 56487705<\/p>\n<p><strong>S\u00f5idueksamit teevad :<\/strong><\/p>\n<p>Jane-Kristi N\u00f5lvak, tel 56487705 ( manuaalkastiga s\u00f5iduk)<\/p>\n<p>Ahto Murumaa, tel 5121096 ( automaatkastiga s\u00f5iduk)<\/p>\n<p><strong>J\u00e4tkukoolitus minimaalselt 76 \u20ac<\/strong> (sisaldab minimaalselt 2 s\u00f5idutundi ja Transpordiameti vormistamist), ( kui vaja minevate s\u00f5idutundide hulk on suurem on lisas\u00f5idutunni hind 34.-) , registreerimiseks helistage tel. 56487705 v\u00f5i kirjutage <a href=\"mailto:janekristi.ruben@real.edu.ee\"><strong><span style=\"text-decoration: underline;\"><span style=\"color: #0066cc; text-decoration: underline;\">janekristi.nolvak@real.edu.ee<\/span><\/span><\/strong><\/a><strong>\u00a0\u00a0<\/strong><\/p>\n<p>Maksusoodustus ( <span style=\"color: #008000;\">tuludeklaratsiooniga tulumaksutagastus<\/span>) ei saa maha arvata <strong>AM-, A-, A1-, A2-, B- ja B1-kategooria mootors\u00f5idukijuhi koolitusel<\/strong> osalemise eest tasutud kulusid\u00a0 <a href=\"https:\/\/www.emta.ee\/eraklient\/maksud-ja-tasumine\/maksusoodustused\/koolituskulu\">Koolituskulu | Maksu- ja Tolliamet<\/a><\/p>\n<p><strong>Oled huvitatud liitumisest ja sul on omad ajalised eelistused\u00a0? Leiame lahenduse!<\/strong><\/p>\n<p align=\"justify\">OOTAME TEID!<\/p>\n<p>Lisaks pakume <a title=\"Individuaal\u00f5pe\" href=\"http:\/\/www.rkteeninduse.ee\/?page_id=202\">i<\/a>ndividuaal\u00f5ppe v\u00f5imalust.<\/p>\n","protected":false},"excerpt":{"rendered":"<p>Tule Reaali Autokooli!\u00a0 Teooriaeksamit saab teha Tabasalu G\u00fcmnaasiumis 30.03.2026,\u00a0 kell 15:45 ja Tallinna Reaalkoolis ( Harju tn.11)\u00a0 igan\u00e4dalaselt eelneval kokkuleppel. Esmaabi koolitus toimub koolis, kui soovijaid on \u00fcle 15\u00b4ne. Kontor Tallinna Reaalkoolis ( Harju tn.11) on avatud kokkuleppel tel. 56487705 &hellip; <a href=\"https:\/\/www.reaaliautokool.ee\/\">Continue reading <span class=\"meta-nav\">&rarr;<\/span><\/a><\/p>\n","protected":false},"author":2,"featured_media":0,"parent":0,"menu_order":0,"comment_status":"closed","ping_status":"open","template":"sidebar-page.php","meta":{"footnotes":""},"_links":{"self":[{"href":"https:\/\/www.reaaliautokool.ee\/index.php?rest_route=\/wp\/v2\/pages\/44"}],"collection":[{"href":"https:\/\/www.reaaliautokool.ee\/index.php?rest_route=\/wp\/v2\/pages"}],"about":[{"href":"https:\/\/www.reaaliautokool.ee\/index.php?rest_route=\/wp\/v2\/types\/page"}],"author":[{"embeddable":true,"href":"https:\/\/www.reaaliautokool.ee\/index.php?rest_route=\/wp\/v2\/users\/2"}],"replies":[{"embeddable":true,"href":"https:\/\/www.reaaliautokool.ee\/index.php?rest_route=%2Fwp%2Fv2%2Fcomments&post=44"}],"version-history":[{"count":308,"href":"https:\/\/www.reaaliautokool.ee\/index.php?rest_route=\/wp\/v2\/pages\/44\/revisions"}],"predecessor-version":[{"id":1217,"href":"https:\/\/www.reaaliautokool.ee\/index.php?rest_route=\/wp\/v2\/pages\/44\/revisions\/1217"}],"wp:attachment":[{"href":"https:\/\/www.reaaliautokool.ee\/index.php?rest_route=%2Fwp%2Fv2%2Fmedia&parent=44"}],"curies":[{"name":"wp","href":"https:\/\/api.w.org\/{rel}","templated":true}]}}