{"id":39,"date":"2011-11-09T17:11:46","date_gmt":"2011-11-09T15:11:46","guid":{"rendered":"http:\/\/www.rkteeninduse.ee\/?page_id=39"},"modified":"2023-01-11T10:25:14","modified_gmt":"2023-01-11T08:25:14","slug":"lingid","status":"publish","type":"page","link":"https:\/\/www.reaaliautokool.ee\/?page_id=39","title":{"rendered":"Kasulikud lingid"},"content":{"rendered":"<table>\n<tbody>\n<tr>\n<td style=\"text-align: justify; vertical-align: top;\">\n<ul>\n<li><a title=\"www.teooria.ee\" href=\"http:\/\/www.teooria.ee\" target=\"_blank\" rel=\"noopener noreferrer\">Teooria.ee<\/a><\/li>\n<li><a title=\"http:\/\/www.rkelu.ee\/\" href=\"http:\/\/rkelu.ee\/index.php?dok_id=499&amp;module=2&amp;op=\" target=\"_blank\" rel=\"noopener noreferrer\">Rahvakoolitus ELU. Esmaabikoolitus<\/a><\/li>\n<li><a href=\"https:\/\/www.riigiteataja.ee\/akt\/120062022070?leiaKehtiv\">Liiklusseadus<\/a><\/li>\n<\/ul>\n<\/td>\n<td><a href=\"http:\/\/www.reaaliautokool.ee\/wp-content\/uploads\/2011\/11\/teooria2.png\"><img loading=\"lazy\" decoding=\"async\" class=\"alignright size-full wp-image-230\" title=\"teooria\" src=\"http:\/\/www.reaaliautokool.ee\/wp-content\/uploads\/2011\/11\/teooria2.png\" alt=\"\" width=\"170\" height=\"57\" \/><\/a><\/td>\n<\/tr>\n<\/tbody>\n<\/table>\n<ul>\n<li><a href=\"https:\/\/www.transpordiamet.ee\/mootorsoidukijuhi-juhendaja-ja-opetaja\">Mootors\u00f5idukijuhi juhendaja tunnistuse v\u00e4ljaandmise kord ja tunnistuse vorm<\/a><\/li>\n<li><a href=\"https:\/\/www.riigiteataja.ee\/akt\/117092014012\" target=\"_blank\" rel=\"noopener noreferrer\">Mootors\u00f5iduki ja selle haagise tehnoseisundile ja varustusele esitatavad n\u00f5uded<\/a><\/li>\n<li><a title=\"https:\/\/www.riigiteahttps:\/\/www.riigiteataja.ee\/akt\/128062011039?leiaKehtivtaja.ee\/akt\/128062011039\" href=\"https:\/\/www.riigiteataja.ee\/akt\/128062011039?leiaKehtiv\" target=\"_blank\" rel=\"noopener noreferrer\">Mootors\u00f5idukijuhi ettevalmistamise tingimused ja kord ning mootors\u00f5idukijuhi ettevalmistamise \u00f5ppekavad<\/a><\/li>\n<li><a title=\"https:\/\/www.riigiteataja.ee\/akt\/128062011037\" href=\"https:\/\/www.riigiteataja.ee\/akt\/128062011037\" target=\"_blank\" rel=\"noopener noreferrer\">Mootors\u00f5idukijuhi teadmiste, oskuste ja k\u00e4itumise liiklusalased kvalifikatsioonin\u00f5uded<\/a><\/li>\n<li><a title=\"https:\/\/www.riigiteataja.ee\/akt\/128062011018\" href=\"https:\/\/www.riigiteataja.ee\/akt\/128062011018?leiaKehtiv\" target=\"_blank\" rel=\"noopener noreferrer\">Mootors\u00f5idukijuhi eksamineerimise, talle juhtimis\u00f5iguse andmise kord ja juhiloa vormid ning n\u00f5uded eksamis\u00f5idukitele<\/a><\/li>\n<li><a href=\"https:\/\/www.transpordiamet.ee\/soidueksam\">B-kategooria s\u00f5idueksam<\/a><\/li>\n<li><a title=\"https:\/\/www.riigiteataja.ee\/akt\/128062011033\" href=\"https:\/\/www.riigiteataja.ee\/akt\/128062011033?leiaKehtiv\" target=\"_blank\" rel=\"noopener noreferrer\">N\u00f5uded mootors\u00f5idukijuhi koolitaja \u00f5ppevahenditele, \u00f5ppev\u00e4ljakutele ja \u00f5ppes\u00f5idukitele<\/a><\/li>\n<li><a href=\"https:\/\/www.riigiteataja.ee\/akt\/131032022006?leiaKehtiv\">Liikluskindlustuse seadus <\/a><\/li>\n<li><a href=\"http:\/\/liikluskool.ee\/liiklusulesanded\/\" target=\"_blank\" rel=\"noopener noreferrer\">Liiklus\u00fclesanded &#8211; Reedik Niilus &#8211; koos vastuste ja kommentaaridega<\/a><\/li>\n<\/ul>\n","protected":false},"excerpt":{"rendered":"<p>Teooria.ee Rahvakoolitus ELU. Esmaabikoolitus Liiklusseadus Mootors\u00f5idukijuhi juhendaja tunnistuse v\u00e4ljaandmise kord ja tunnistuse vorm Mootors\u00f5iduki ja selle haagise tehnoseisundile ja varustusele esitatavad n\u00f5uded Mootors\u00f5idukijuhi ettevalmistamise tingimused ja kord ning mootors\u00f5idukijuhi ettevalmistamise \u00f5ppekavad Mootors\u00f5idukijuhi teadmiste, oskuste ja k\u00e4itumise liiklusalased kvalifikatsioonin\u00f5uded Mootors\u00f5idukijuhi eksamineerimise, &hellip; <a href=\"https:\/\/www.reaaliautokool.ee\/?page_id=39\">Continue reading <span class=\"meta-nav\">&rarr;<\/span><\/a><\/p>\n","protected":false},"author":2,"featured_media":0,"parent":318,"menu_order":4,"comment_status":"closed","ping_status":"open","template":"sidebar-page.php","meta":{"footnotes":""},"_links":{"self":[{"href":"https:\/\/www.reaaliautokool.ee\/index.php?rest_route=\/wp\/v2\/pages\/39"}],"collection":[{"href":"https:\/\/www.reaaliautokool.ee\/index.php?rest_route=\/wp\/v2\/pages"}],"about":[{"href":"https:\/\/www.reaaliautokool.ee\/index.php?rest_route=\/wp\/v2\/types\/page"}],"author":[{"embeddable":true,"href":"https:\/\/www.reaaliautokool.ee\/index.php?rest_route=\/wp\/v2\/users\/2"}],"replies":[{"embeddable":true,"href":"https:\/\/www.reaaliautokool.ee\/index.php?rest_route=%2Fwp%2Fv2%2Fcomments&post=39"}],"version-history":[{"count":12,"href":"https:\/\/www.reaaliautokool.ee\/index.php?rest_route=\/wp\/v2\/pages\/39\/revisions"}],"predecessor-version":[{"id":972,"href":"https:\/\/www.reaaliautokool.ee\/index.php?rest_route=\/wp\/v2\/pages\/39\/revisions\/972"}],"up":[{"embeddable":true,"href":"https:\/\/www.reaaliautokool.ee\/index.php?rest_route=\/wp\/v2\/pages\/318"}],"wp:attachment":[{"href":"https:\/\/www.reaaliautokool.ee\/index.php?rest_route=%2Fwp%2Fv2%2Fmedia&parent=39"}],"curies":[{"name":"wp","href":"https:\/\/api.w.org\/{rel}","templated":true}]}}