{"id":35,"date":"2011-11-09T17:09:15","date_gmt":"2011-11-09T15:09:15","guid":{"rendered":"http:\/\/www.rkteeninduse.ee\/?page_id=35"},"modified":"2025-06-11T11:02:29","modified_gmt":"2025-06-11T08:02:29","slug":"hinnad-2","status":"publish","type":"page","link":"https:\/\/www.reaaliautokool.ee\/?page_id=35","title":{"rendered":"Hinnad"},"content":{"rendered":"<p>Kursuse tasu \u00fchekordse maksena on <strong>1240<\/strong>\u00a0<strong>\u20ac<\/strong><span style=\"color: #808080;\">\u00a0( hind sisaldab k\u00e4ibemaksu)<\/span> ja selles sisaldub:<\/p>\n<ul>\n<li><strong>teoorialoengud\/konsultatsioonid klassiruumis,<\/strong><\/li>\n<li><strong>www.teooria.ee keskkonna kasutamist<\/strong>,<\/li>\n<li><strong>esimene koolieksamit teoorias,<\/strong><\/li>\n<li><strong>26 s\u00f5idutundi vastavalt kinnitatud \u00f5ppekavale, <\/strong><\/li>\n<li><strong>pimeda-aja koolitust (\u00a0sisaldab 1 teooria loengut (praktikum) ja 1 s\u00f5idutund pimedaajal v\u00f5i simulaatoril kooli partneri\u00a0 juures),<\/strong><\/li>\n<li><strong>esimest kooli s\u00f5idueksamit (s\u00f5idueksam kestab 2 s\u00f5idutundi ( \u00f5ppekavas teemad SE ) ning on\u00a0 riiklikule s\u00f5idueksamile sarnanev)<\/strong><\/li>\n<li><strong>dokumentide vormistamist <\/strong><\/li>\n<\/ul>\n<p>Kursuse eest saab tasuda ka osade kaupa. Koolitusteenuse arvet v\u00f5ib paluda arvena juriidilisele isikule.<\/p>\n<p>Autokooli l\u00f5petamiseks on vaja lisaks:<\/p>\n<ul>\n<li><span style=\"text-decoration: underline;\"><strong>terviset\u00f5end perearstilt<\/strong><\/span><\/li>\n<li><strong><span style=\"text-decoration: underline;\">algastme libedas\u00f5idu koolitus<\/span><\/strong> ~80 \u20ac, sisaldab 2 teoorialoengut, 1 s\u00f5idutund\u00a0 libedas\u00f5idu (riskiv\u00e4ltimise koolitus) liberajal P\u00e4rnus v\u00f5i O\u00dc Autos\u00f5it juures<\/li>\n<li><span style=\"text-decoration: underline;\"><strong>esmaabi<\/strong><\/span> kursused ( 16h) ~50\u20ac (Rahva Koolitus ELU, Kolmas Aste O\u00dc)<\/li>\n<\/ul>\n<p>Meie autokoolist on v\u00f5imalik v\u00f5tta j\u00e4rgnevaid koolitusi ja teenuseid lisaks:<\/p>\n<ul>\n<li>lisa s\u00f5idutund 34 \u20ac\/45 min<\/li>\n<li>teooriaeksam kordusena 15\u00a0 \u20ac<\/li>\n<li><strong>J\u00e4tkukoolitus 76 \u20ac<\/strong> (sisaldab 2 s\u00f5idutundi ja Transpordiameti vormistust)<\/li>\n<li>pimeda-aja koolitus maksab 50 \u20ac, sisaldab 1 teooria loengu( praktikum) ning 1 s\u00f5idutund pimedaajal h\u00f5reda liiklusega ja valgustamata teel, valgel ajal simulaator<\/li>\n<li><strong>algastme riskiv\u00e4ltimise (libeda) koolitus<\/strong> ~80\u20ac, sisaldab 2 teoorialoengut, 1 s\u00f5idutund libedas\u00f5idu (riskiv\u00e4ltimise koolitus) liberajal P\u00e4rnus v\u00f5i Tallinnas<\/li>\n<li>s\u00f5idueksam kordusena 68 \u20ac (2 s\u00f5idutundi)<\/li>\n<li><strong>tasulise s\u00f5iduplatsi kasutamise eest maksab \u00f5pilane eraldi vastavalt rendiplatsi hinnakirjale<\/strong><\/li>\n<li>dokumentide (koopiad \u00f5pingukaardist, v\u00e4ljav\u00f5te \u00f5ppet\u00f6\u00f6p\u00e4evikust ning protokollidest) v\u00e4ljastamistasu 10\u20ac<\/li>\n<li>koolil\u00f5putunnistuse dublikaat 15,00 \u20ac<\/li>\n<li>m\u00f5juva p\u00f5hjuseta s\u00f5idutundi tulemata j\u00e4\u00e4mise eest 30 \u20ac s\u00f5idukorra kohta<\/li>\n<\/ul>\n<p>RK Teeninduse O\u00dc arvelduskonto number: <a>EE102200221013272769<\/a><\/p>\n","protected":false},"excerpt":{"rendered":"<p>Kursuse tasu \u00fchekordse maksena on 1240\u00a0\u20ac\u00a0( hind sisaldab k\u00e4ibemaksu) ja selles sisaldub: teoorialoengud\/konsultatsioonid klassiruumis, www.teooria.ee keskkonna kasutamist, esimene koolieksamit teoorias, 26 s\u00f5idutundi vastavalt kinnitatud \u00f5ppekavale, pimeda-aja koolitust (\u00a0sisaldab 1 teooria loengut (praktikum) ja 1 s\u00f5idutund pimedaajal v\u00f5i simulaatoril kooli partneri\u00a0 &hellip; <a href=\"https:\/\/www.reaaliautokool.ee\/?page_id=35\">Continue reading <span class=\"meta-nav\">&rarr;<\/span><\/a><\/p>\n","protected":false},"author":2,"featured_media":0,"parent":318,"menu_order":1,"comment_status":"closed","ping_status":"open","template":"sidebar-page.php","meta":{"footnotes":""},"_links":{"self":[{"href":"https:\/\/www.reaaliautokool.ee\/index.php?rest_route=\/wp\/v2\/pages\/35"}],"collection":[{"href":"https:\/\/www.reaaliautokool.ee\/index.php?rest_route=\/wp\/v2\/pages"}],"about":[{"href":"https:\/\/www.reaaliautokool.ee\/index.php?rest_route=\/wp\/v2\/types\/page"}],"author":[{"embeddable":true,"href":"https:\/\/www.reaaliautokool.ee\/index.php?rest_route=\/wp\/v2\/users\/2"}],"replies":[{"embeddable":true,"href":"https:\/\/www.reaaliautokool.ee\/index.php?rest_route=%2Fwp%2Fv2%2Fcomments&post=35"}],"version-history":[{"count":46,"href":"https:\/\/www.reaaliautokool.ee\/index.php?rest_route=\/wp\/v2\/pages\/35\/revisions"}],"predecessor-version":[{"id":1182,"href":"https:\/\/www.reaaliautokool.ee\/index.php?rest_route=\/wp\/v2\/pages\/35\/revisions\/1182"}],"up":[{"embeddable":true,"href":"https:\/\/www.reaaliautokool.ee\/index.php?rest_route=\/wp\/v2\/pages\/318"}],"wp:attachment":[{"href":"https:\/\/www.reaaliautokool.ee\/index.php?rest_route=%2Fwp%2Fv2%2Fmedia&parent=35"}],"curies":[{"name":"wp","href":"https:\/\/api.w.org\/{rel}","templated":true}]}}