{"id":318,"date":"2011-11-09T16:02:22","date_gmt":"2011-11-09T14:02:22","guid":{"rendered":"http:\/\/www.rkteeninduse.ee\/?page_id=7"},"modified":"2025-09-03T10:03:05","modified_gmt":"2025-09-03T07:03:05","slug":"reaali-autokool","status":"publish","type":"page","link":"https:\/\/www.reaaliautokool.ee\/?page_id=318","title":{"rendered":"Reaali Autokool"},"content":{"rendered":"<p><strong>Reaali Autokool pakub B-kategooria juhilubade kursust manuaal- ja automaatkastiga s\u00f5idukil.<\/strong><\/p>\n<p><strong>Lisaks on\u00a0 individuaal\u00f5ppe v\u00f5imalus. K\u00fcsi!<\/strong><strong><br \/>\n<\/strong><\/p>\n<p>Kursused toimuvad, kui grupp kokku tuleb:<\/p>\n<p>Tallinna Reaalkoolis, Harju tn.11, Tallinn<\/p>\n<p>Tabasalu G\u00fcmnaasium, Nooruse 6, Tabasalu<\/p>\n<p>Gustav Adolfi G\u00fcmnaasium, Suur-Kloostri 16, Tallinn<\/p>\n<p>\u00d5pe ise toimub integreeritud moel \u2013 <strong>t\u00e4ismahuline e-\u00f5ppe keskkond Teooria.ee<\/strong> oma mugavate lahendustega<strong> ning<\/strong> samas <strong>olulisemate teemade kohta kokku 15 ak\/h<\/strong> (5 korral) <strong>loenguid<\/strong>, teste ja k\u00fcsin-vastan vormis \u00f5pet klassiruumis.<\/p>\n<p>Teoorialoengud \u00f5htuti\u00a0 kella 16:00-st kuni 18.45.- ni (enamasti 1 kord n\u00e4dalas v\u00f5i \u00fcle n\u00e4dala).<\/p>\n<p>Informatsioon ja eelnev registreerimine:<\/p>\n<p>Esimesse kontakttundi v\u00f5ta<strong> kaasa<\/strong> vajalikud <a href=\"http:\/\/www.reaaliautokool.ee\/wp-admin\/post.php?post=42&amp;action=edit\">dokumendid<\/a>.<\/p>\n<p>Koos meiega saad l\u00e4bida ka esmaabikursused!<\/p>\n<p>K\u00fcsi infot ja registreeru e-post: <a href=\"mailto:janekristi.ruben@real.edu.ee\">janekristi.nolvak@real.edu.ee <\/a><\/p>\n","protected":false},"excerpt":{"rendered":"<p>Reaali Autokool pakub B-kategooria juhilubade kursust manuaal- ja automaatkastiga s\u00f5idukil. Lisaks on\u00a0 individuaal\u00f5ppe v\u00f5imalus. K\u00fcsi! Kursused toimuvad, kui grupp kokku tuleb: Tallinna Reaalkoolis, Harju tn.11, Tallinn Tabasalu G\u00fcmnaasium, Nooruse 6, Tabasalu Gustav Adolfi G\u00fcmnaasium, Suur-Kloostri 16, Tallinn \u00d5pe ise toimub &hellip; <a href=\"https:\/\/www.reaaliautokool.ee\/?page_id=318\">Continue reading <span class=\"meta-nav\">&rarr;<\/span><\/a><\/p>\n","protected":false},"author":2,"featured_media":0,"parent":0,"menu_order":1,"comment_status":"closed","ping_status":"open","template":"sidebar-page.php","meta":{"footnotes":""},"_links":{"self":[{"href":"https:\/\/www.reaaliautokool.ee\/index.php?rest_route=\/wp\/v2\/pages\/318"}],"collection":[{"href":"https:\/\/www.reaaliautokool.ee\/index.php?rest_route=\/wp\/v2\/pages"}],"about":[{"href":"https:\/\/www.reaaliautokool.ee\/index.php?rest_route=\/wp\/v2\/types\/page"}],"author":[{"embeddable":true,"href":"https:\/\/www.reaaliautokool.ee\/index.php?rest_route=\/wp\/v2\/users\/2"}],"replies":[{"embeddable":true,"href":"https:\/\/www.reaaliautokool.ee\/index.php?rest_route=%2Fwp%2Fv2%2Fcomments&post=318"}],"version-history":[{"count":22,"href":"https:\/\/www.reaaliautokool.ee\/index.php?rest_route=\/wp\/v2\/pages\/318\/revisions"}],"predecessor-version":[{"id":1190,"href":"https:\/\/www.reaaliautokool.ee\/index.php?rest_route=\/wp\/v2\/pages\/318\/revisions\/1190"}],"wp:attachment":[{"href":"https:\/\/www.reaaliautokool.ee\/index.php?rest_route=%2Fwp%2Fv2%2Fmedia&parent=318"}],"curies":[{"name":"wp","href":"https:\/\/api.w.org\/{rel}","templated":true}]}}