{"id":202,"date":"2012-02-01T16:27:31","date_gmt":"2012-02-01T14:27:31","guid":{"rendered":"http:\/\/www.rkteeninduse.ee\/?page_id=202"},"modified":"2025-09-03T11:02:29","modified_gmt":"2025-09-03T08:02:29","slug":"individuaalope","status":"publish","type":"page","link":"https:\/\/www.reaaliautokool.ee\/?page_id=202","title":{"rendered":"Individuaal\u00f5pe"},"content":{"rendered":"<p>\u00d5pe on e-\u00f5ppe p\u00f5hine, sisaldades samas 3 kontakttundi. Individuaalprogrammis vajaminev tegelik \u00f5ppetundide maht selgub t\u00f6\u00f6 k\u00e4igus.<\/p>\n<p>Minimaalselt tuleb l\u00e4bida 28 s\u00f5idutundi ning nendele lisandub kohustuslik pimeda\u00f5ppe koolitus ning algastme libedakoolitus.<\/p>\n<p>Individuaal\u00f5ppe hind on 1750.- EUR . Selles hinnas sisaldub 26 s\u00f5idutundi ning e-\u00f5ppe p\u00f5hine teooriakursus (www.teooria.ee ) omal valikul, kas manuaalkastiga s\u00f5idukiga v\u00f5i automaatkastiga s\u00f5idukil. Pimedaajal s\u00f5idukijuhtimise kursus ja libedas\u00f5idu kursus ning kooli s\u00f5idueksam.<\/p>\n<p>Omal k\u00e4el tuleb l\u00e4bida esmaabi koolitus ning kooli tulles peab olemas olema perearsti\u00a0 v\u00e4ljastatud terviset\u00f5end.<\/p>\n","protected":false},"excerpt":{"rendered":"<p>\u00d5pe on e-\u00f5ppe p\u00f5hine, sisaldades samas 3 kontakttundi. Individuaalprogrammis vajaminev tegelik \u00f5ppetundide maht selgub t\u00f6\u00f6 k\u00e4igus. Minimaalselt tuleb l\u00e4bida 28 s\u00f5idutundi ning nendele lisandub kohustuslik pimeda\u00f5ppe koolitus ning algastme libedakoolitus. Individuaal\u00f5ppe hind on 1750.- EUR . Selles hinnas sisaldub 26 &hellip; <a href=\"https:\/\/www.reaaliautokool.ee\/?page_id=202\">Continue reading <span class=\"meta-nav\">&rarr;<\/span><\/a><\/p>\n","protected":false},"author":2,"featured_media":0,"parent":318,"menu_order":2,"comment_status":"closed","ping_status":"open","template":"sidebar-page.php","meta":{"footnotes":""},"_links":{"self":[{"href":"https:\/\/www.reaaliautokool.ee\/index.php?rest_route=\/wp\/v2\/pages\/202"}],"collection":[{"href":"https:\/\/www.reaaliautokool.ee\/index.php?rest_route=\/wp\/v2\/pages"}],"about":[{"href":"https:\/\/www.reaaliautokool.ee\/index.php?rest_route=\/wp\/v2\/types\/page"}],"author":[{"embeddable":true,"href":"https:\/\/www.reaaliautokool.ee\/index.php?rest_route=\/wp\/v2\/users\/2"}],"replies":[{"embeddable":true,"href":"https:\/\/www.reaaliautokool.ee\/index.php?rest_route=%2Fwp%2Fv2%2Fcomments&post=202"}],"version-history":[{"count":10,"href":"https:\/\/www.reaaliautokool.ee\/index.php?rest_route=\/wp\/v2\/pages\/202\/revisions"}],"predecessor-version":[{"id":1193,"href":"https:\/\/www.reaaliautokool.ee\/index.php?rest_route=\/wp\/v2\/pages\/202\/revisions\/1193"}],"up":[{"embeddable":true,"href":"https:\/\/www.reaaliautokool.ee\/index.php?rest_route=\/wp\/v2\/pages\/318"}],"wp:attachment":[{"href":"https:\/\/www.reaaliautokool.ee\/index.php?rest_route=%2Fwp%2Fv2%2Fmedia&parent=202"}],"curies":[{"name":"wp","href":"https:\/\/api.w.org\/{rel}","templated":true}]}}