{"id":119,"date":"2011-11-14T08:49:31","date_gmt":"2011-11-14T06:49:31","guid":{"rendered":"http:\/\/www.rkteeninduse.ee\/?page_id=119"},"modified":"2025-09-03T10:59:39","modified_gmt":"2025-09-03T07:59:39","slug":"oppekava","status":"publish","type":"page","link":"https:\/\/www.reaaliautokool.ee\/?page_id=119","title":{"rendered":"\u00d5ppekava"},"content":{"rendered":"<p>Meie \u00f5ppekeskkond moodustub kombineerituna nii elektroonsest (Teooria.ee \u00f5pikeskkonnast (v\u00e4ljat\u00f6\u00f6tanud O\u00dc Teooria ja liiklusspetsialistid)) kui ka auditoorsest\u00a0 \u00f5pikeskkonnast n\u00f5uetekohases \u00f5ppeklassis.<\/p>\n<p>\u00dche teooriatunni pikkus on 45 minutit ja auditoorsed loengud toimuvad viiel korral\u00a0 (3&#215;45 min\/ kord). \u00d5ppevormiks on auditoorne \u00f5ppevorm, iseseisev t\u00f6\u00f6 ja praktikum.<\/p>\n<p>Praktikumi vormis toimub \u00f5ppeaine \u201eLibedas\u00f5idu riskiv\u00e4ltimise praktikum\u201c ning v\u00f5imaluse korral \u00f5ppeaine \u201ePimeda ajal s\u00f5iduki juhtimine\u201c.<\/p>\n<p>Koolituses s\u00f5iduki juhtimine pimeda ajal on teooria\u00f5ppes ette n\u00e4htud praktikum 45 minutit ja s\u00f5idu\u00f5pe 45 minutit. Need on miinimum mahud, vastavalt autokooli poolt kehtestatud \u00f5ppekavale. V\u00f5imalusel l\u00e4bib \u00f5pilane oma autokoolis praktikumi, mis toimus \u00f5ues, r\u00fchma\u00f5ppena.<\/p>\n<p>NB! E-\u00f5ppekeskkonnas \u00f5ppimine ei asenda teoorialoenguid. E-\u00f5ppekeskkonnas on kogu vajaminev teooriamaterjal olemas, aga klassiruumis toimuvad tunnid on teadmiste kinnitamiseks ja t\u00e4htsaima kordamiseks .<\/p>\n<p>S\u00f5idu\u00f5pe on v\u00e4hemalt 30 s\u00f5idutundi ( s.h. pimedaajal s\u00f5idukijuhtimine, algastme libedas\u00f5idu harjutuste sooritamine ning kooli s\u00f5idueksam (2 s\u00f5idutundi, millest v\u00e4hemalt 60 min s\u00f5idetakse).<\/p>\n<p>Kurse hind on <strong>1240.<\/strong>&#8211; (hind sisaldab teooriakursust ja esimest kooli teooria- ja s\u00f5idueksamit, e-\u00f5ppe keskkonna Teooria.ee kasutamist ning 26 s\u00f5idutundi (a 45 minutit) ja pimedaajal s\u00f5iduki juhtimise koolitust.<\/p>\n<p><strong>Kursuse hind ei sisalda algastme libedaaja koolitust ja <span style=\"text-decoration: underline;\">esmaabi.<\/span><\/strong><\/p>\n<p><span style=\"text-decoration: underline;\">Algastme libedakoolitus<\/span> ~80\u20ac, sisaldab 2 teoorialoengut, 1 s\u00f5idutund libedas\u00f5idu (riskiv\u00e4ltimise koolitus) liberajal P\u00e4rnus v\u00f5i M\u00e4nnikul ( O\u00dc Autos\u00f5it) ning esmaabi koolitus.<\/p>\n<p>Tasuda on v\u00f5imalik osamaksetena.<\/p>\n<ul>\n<li><a href=\"http:\/\/www.reaaliautokool.ee\/wp-content\/uploads\/2024\/01\/\u00f5ppekava-struktuur2024.pdf\">\u00f5ppekava struktuur2024<\/a><\/li>\n<li><a href=\"http:\/\/www.reaaliautokool.ee\/wp-content\/uploads\/2018\/08\/\u00d5PPEKAVA-TABEL_koduleht.docx\">\u00d5ppekava struktuur enne 2020 alustanutele<\/a><\/li>\n<li><a href=\"http:\/\/www.reaaliautokool.ee\/wp-content\/uploads\/2011\/11\/koolitusluba.pdf\">koolitusluba &#8211; paberkandjal lube ei v\u00e4ljastata enam. EHIS keskkonnas.<\/a><\/li>\n<li><a href=\"http:\/\/www.reaaliautokool.ee\/wp-content\/uploads\/2024\/01\/RK-Teenindus_\u00d5PPEKAVA_01012024.pdf\">RK Teenindus_\u00d5PPEKAVA_01012024 \u00d5ppekava pole staatiline, vaid muutuv ja arenev.<\/a><\/li>\n<\/ul>\n","protected":false},"excerpt":{"rendered":"<p>Meie \u00f5ppekeskkond moodustub kombineerituna nii elektroonsest (Teooria.ee \u00f5pikeskkonnast (v\u00e4ljat\u00f6\u00f6tanud O\u00dc Teooria ja liiklusspetsialistid)) kui ka auditoorsest\u00a0 \u00f5pikeskkonnast n\u00f5uetekohases \u00f5ppeklassis. \u00dche teooriatunni pikkus on 45 minutit ja auditoorsed loengud toimuvad viiel korral\u00a0 (3&#215;45 min\/ kord). \u00d5ppevormiks on auditoorne \u00f5ppevorm, iseseisev t\u00f6\u00f6 &hellip; <a href=\"https:\/\/www.reaaliautokool.ee\/?page_id=119\">Continue reading <span class=\"meta-nav\">&rarr;<\/span><\/a><\/p>\n","protected":false},"author":2,"featured_media":0,"parent":318,"menu_order":3,"comment_status":"closed","ping_status":"open","template":"sidebar-page.php","meta":{"footnotes":""},"_links":{"self":[{"href":"https:\/\/www.reaaliautokool.ee\/index.php?rest_route=\/wp\/v2\/pages\/119"}],"collection":[{"href":"https:\/\/www.reaaliautokool.ee\/index.php?rest_route=\/wp\/v2\/pages"}],"about":[{"href":"https:\/\/www.reaaliautokool.ee\/index.php?rest_route=\/wp\/v2\/types\/page"}],"author":[{"embeddable":true,"href":"https:\/\/www.reaaliautokool.ee\/index.php?rest_route=\/wp\/v2\/users\/2"}],"replies":[{"embeddable":true,"href":"https:\/\/www.reaaliautokool.ee\/index.php?rest_route=%2Fwp%2Fv2%2Fcomments&post=119"}],"version-history":[{"count":32,"href":"https:\/\/www.reaaliautokool.ee\/index.php?rest_route=\/wp\/v2\/pages\/119\/revisions"}],"predecessor-version":[{"id":1191,"href":"https:\/\/www.reaaliautokool.ee\/index.php?rest_route=\/wp\/v2\/pages\/119\/revisions\/1191"}],"up":[{"embeddable":true,"href":"https:\/\/www.reaaliautokool.ee\/index.php?rest_route=\/wp\/v2\/pages\/318"}],"wp:attachment":[{"href":"https:\/\/www.reaaliautokool.ee\/index.php?rest_route=%2Fwp%2Fv2%2Fmedia&parent=119"}],"curies":[{"name":"wp","href":"https:\/\/api.w.org\/{rel}","templated":true}]}}